{"id":1052,"date":"2023-06-10T13:22:16","date_gmt":"2023-06-10T11:22:16","guid":{"rendered":"http:\/\/labgis.di.unisa.it\/?page_id=1052"},"modified":"2023-06-10T17:07:06","modified_gmt":"2023-06-10T15:07:06","slug":"la-valorizzazione-della-filiera-della-nocciola-di-giffoni-igp-tramite-strategie-iot-giffiot","status":"publish","type":"page","link":"https:\/\/labgis.di.unisa.it\/?page_id=1052","title":{"rendered":"La valorizzazione della filiera della \u201cNocciola di Giffoni IGP\u201d tramite strategie IoT (GiffIoT)"},"content":{"rendered":"<div data-colibri-id=\"1052-c1\" class=\"style-602 style-local-1052-c1 position-relative\">\n  <!---->\n  <div data-colibri-component=\"section\" data-colibri-id=\"1052-c2\" id=\"initial-content\" class=\"h-section h-section-global-spacing d-flex align-items-lg-center align-items-md-center align-items-center style-603 style-local-1052-c2 position-relative\">\n    <!---->\n    <!---->\n    <div class=\"h-section-grid-container h-section-boxed-container\">\n      <!---->\n      <div data-colibri-id=\"1052-c3\" class=\"h-row-container gutters-row-lg-2 gutters-row-md-2 gutters-row-0 gutters-row-v-lg-2 gutters-row-v-md-2 gutters-row-v-2 style-604 style-local-1052-c3 position-relative\">\n        <!---->\n        <div class=\"h-row justify-content-lg-center justify-content-md-center justify-content-center align-items-lg-stretch align-items-md-stretch align-items-stretch gutters-col-lg-2 gutters-col-md-2 gutters-col-0 gutters-col-v-lg-2 gutters-col-v-md-2 gutters-col-v-2\">\n          <!---->\n          <div class=\"h-column h-column-container d-flex h-col-lg-auto h-col-md-auto h-col-auto style-605-outer style-local-1052-c4-outer\">\n            <div data-colibri-id=\"1052-c4\" class=\"d-flex h-flex-basis h-column__inner h-px-lg-2 h-px-md-2 h-px-2 v-inner-lg-2 v-inner-md-2 v-inner-2 style-605 style-local-1052-c4 position-relative\">\n              <!---->\n              <!---->\n              <div class=\"w-100 h-y-container h-column__content h-column__v-align flex-basis-100 align-self-lg-start align-self-md-start align-self-start\">\n                <!---->\n                <div data-colibri-id=\"1052-c5\" class=\"style-606 style-local-1052-c5 position-relative h-element\">\n                  <!---->\n                  <div>\n                    \n                    <p>PSR Campania 2014\/2020 &#8211; MISURA 19 &#8211; Sviluppo Locale di Tipo Partecipativo &#8211; LEADER. Sottomisura 19.2. Tipologia di intervento 19.2.1 \u201cStrategie di Sviluppo Locale\u201d Misura 16 &#8211; Sottomisura 16.1 Sostegno per la costituzione e il funzionamento\n                      dei Gruppi Operativi del PEI in materia di produttivit\u00e0 e sostenibilit\u00e0 dell\u2019agricoltura &#8211; Azione 1. \u201cSostegno per la costituzione e l\u2019avvio dei Gruppi Operativi\u201d<\/p>\n                    \n\n                    \n                    <p>Il progetto ha avuto un approccio multidisciplinare basato sull\u2019uso integrato di moderne e avanzate strategie ICT e IoT per la progettazione di funzionalit\u00e0 di supporto alle decisioni per la valorizzazione della produzione della nocciola,\n                      con il pieno coinvolgimento delle realt\u00e0 economiche che operano nel settore.<\/p>\n                    \n\n                    \n                    <p>E&#8217; stata realizzata la rappresentazione cartografica della vocazionalit\u00e0 del territorio dei 9 comuni del GAL \u201cColline salernitane\u201d, cos\u00ec da evidenziare le criticit\u00e0 e opportunit\u00e0 per ottimizzare la gestione dei sistemi corilicoli e\n                      in generale delle risorse territoriali.<\/p>\n                    \n\n                    \n                    <p>E\u2019 stata prevista inoltre la messa a punto di un sistema modello &#8211; facilmente accessibile &#8211; per il monitoraggio dei parametri agro-ambientali di maggiore criticit\u00e0 per la ottimizzazione della produzione corilicola, della qualit\u00e0 del\n                      prodotto e della salvaguardia ambientale come supporto alle decisioni sia della singola azienda sia della rete di assistenza tecnica specifica indispensabile per il miglioramento quantitativo e qualitativo della produzione.<\/p>\n                    \n\n                    \n                    <p>Infine, la divulgazione della P.I. e dei risultati dello studio \u00e8 avvenuta attraverso un processo di animazione \/ socializzazione assistita, che ha avuto anche una funzione non secondaria di animazione, di contatto con gli attori dell\u2019area\n                      e di acquisizione della domanda manifesta, latente e indotta di innovazione, di valutazione della trasferibilit\u00e0 dei risultati.<\/p>\n                    \n\n                    \n                    <p>La P.I. \u00e8 stata basata sulle attivit\u00e0 di un partenariato composto da UNISA (DI-DICIV-DIFARMA), TONDA GIFFONI Societ\u00e0 Cooperativa Agricola&nbsp;Produttori Frutta in Guscio, Consorzio di Tutela Nocciola di Giffoni IGP, Coldiretti-Salerno,\n                      Confagricoltura-Salerno, CIA-Salerno, Confcooperative-Salerno, LegaCoop.<\/p>\n                    \n\n                    \n                    <p>L\u2019attivit\u00e0 del progetto \u00e8 stata articolata in 6 WP.<\/p>\n                    \n\n                    \n                    <p>\n                      <a href=\"http:\/\/labgis.di.unisa.it\/gal\" target=\"_blank\" rel=\"noreferrer noopener\">Qui<\/a> l&#8217;accesso al sistema di consultazione.<\/p>\n                    \n                  <\/div>\n                <\/div>\n                <div data-colibri-id=\"1052-c6\" class=\"h-x-container style-608 style-local-1052-c6 position-relative h-element\">\n                  <!---->\n                  <div class=\"h-x-container-inner style-dynamic-1052-c6-group style-608-spacing style-local-1052-c6-spacing\"><span class=\"h-link__outer style-609-outer style-local-1052-c7-outer d-inline-flex h-element\"><a h-use-smooth-scroll=\"true\" href=\"http:\/\/labgis.di.unisa.it\/wp-content\/uploads\/2023\/06\/opuscolo-GiffIot-divulgazione-p1.pdf\" target=\"_blank\" data-colibri-id=\"1052-c7\" class=\"d-flex w-100 align-items-center h-link style-609 style-local-1052-c7 position-relative\" rel=\"noopener\"><!----><!----> <span>Qui il fascicolo distribuito durante l&#8217;evento di divulgazione tenutosi a conclusione delle attivit\u00e0 del progetto.<\/span><\/a>\n                    <\/span>\n                  <\/div>\n                <\/div>\n                <div data-colibri-id=\"1052-c8\" class=\"h-x-container style-612 style-local-1052-c8 position-relative h-element\">\n                  <!---->\n                  <div class=\"h-x-container-inner style-dynamic-1052-c8-group style-612-spacing style-local-1052-c8-spacing\"><span class=\"h-link__outer style-613-outer style-local-1052-c9-outer d-inline-flex h-element\"><a h-use-smooth-scroll=\"true\" href=\"http:\/\/labgis.di.unisa.it\/wp-content\/uploads\/2023\/06\/cartografia-di-base.pdf\" target=\"_blank\" data-colibri-id=\"1052-c9\" class=\"d-flex w-100 align-items-center h-link style-613 style-local-1052-c9 position-relative\" rel=\"noopener\"><!----><!----> <span>Qui la cartografia di base<\/span><\/a>\n                    <\/span>\n                  <\/div>\n                <\/div>\n                <div data-colibri-id=\"1052-c10\" class=\"h-x-container style-610 style-local-1052-c10 position-relative h-element\">\n                  <!---->\n                  <div class=\"h-x-container-inner style-dynamic-1052-c10-group style-610-spacing style-local-1052-c10-spacing\"><span class=\"h-link__outer style-611-outer style-local-1052-c11-outer d-inline-flex h-element\"><a h-use-smooth-scroll=\"true\" href=\"http:\/\/labgis.di.unisa.it\/wp-content\/uploads\/2023\/06\/cartografia-tematica.pdf\" target=\"_blank\" data-colibri-id=\"1052-c11\" class=\"d-flex w-100 align-items-center h-link style-611 style-local-1052-c11 position-relative\" rel=\"noopener\"><!----><!----> <span>Qui una overview della cartografia prodotta<\/span><\/a>\n                    <\/span>\n                  <\/div>\n                <\/div>\n              <\/div>\n            <\/div>\n          <\/div>\n        <\/div>\n      <\/div>\n    <\/div>\n  <\/div>\n<\/div>","protected":false},"excerpt":{"rendered":"<p>PSR Campania 2014\/2020 &#8211; MISURA 19 &#8211; Sviluppo Locale di Tipo Partecipativo &#8211; LEADER. Sottomisura 19.2. Tipologia di intervento 19.2.1 \u201cStrategie di Sviluppo Locale\u201d Misura 16 &#8211; Sottomisura 16.1 Sostegno per la costituzione e il funzionamento dei Gruppi Operativi del PEI in materia di produttivit\u00e0 e sostenibilit\u00e0 dell\u2019agricoltura &#8211; Azione 1. \u201cSostegno per la costituzione [&hellip;]<\/p>\n","protected":false},"author":2,"featured_media":0,"parent":0,"menu_order":0,"comment_status":"closed","ping_status":"closed","template":"page-templates\/full-width-page.php","meta":{"footnotes":""},"class_list":["post-1052","page","type-page","status-publish","hentry"],"_links":{"self":[{"href":"https:\/\/labgis.di.unisa.it\/index.php?rest_route=\/wp\/v2\/pages\/1052","targetHints":{"allow":["GET"]}}],"collection":[{"href":"https:\/\/labgis.di.unisa.it\/index.php?rest_route=\/wp\/v2\/pages"}],"about":[{"href":"https:\/\/labgis.di.unisa.it\/index.php?rest_route=\/wp\/v2\/types\/page"}],"author":[{"embeddable":true,"href":"https:\/\/labgis.di.unisa.it\/index.php?rest_route=\/wp\/v2\/users\/2"}],"replies":[{"embeddable":true,"href":"https:\/\/labgis.di.unisa.it\/index.php?rest_route=%2Fwp%2Fv2%2Fcomments&post=1052"}],"version-history":[{"count":12,"href":"https:\/\/labgis.di.unisa.it\/index.php?rest_route=\/wp\/v2\/pages\/1052\/revisions"}],"predecessor-version":[{"id":1140,"href":"https:\/\/labgis.di.unisa.it\/index.php?rest_route=\/wp\/v2\/pages\/1052\/revisions\/1140"}],"wp:attachment":[{"href":"https:\/\/labgis.di.unisa.it\/index.php?rest_route=%2Fwp%2Fv2%2Fmedia&parent=1052"}],"curies":[{"name":"wp","href":"https:\/\/api.w.org\/{rel}","templated":true}]}}