{"id":1983,"date":"2025-02-27T18:52:52","date_gmt":"2025-02-27T17:52:52","guid":{"rendered":"https:\/\/labgis.di.unisa.it\/?page_id=1983"},"modified":"2025-11-10T20:00:25","modified_gmt":"2025-11-10T19:00:25","slug":"renewable-energy-communities-monitoringoptimization-and-planning","status":"publish","type":"page","link":"https:\/\/labgis.di.unisa.it\/?page_id=1983","title":{"rendered":"Renewable Energy Communities: Monitoring,Optimization and Planning"},"content":{"rendered":"<div data-colibri-id=\"1983-c1\" class=\"style-925 style-local-1983-c1 position-relative\">\n  <!---->\n  <div data-colibri-component=\"section\" data-colibri-id=\"1983-c2\" id=\"initial-content\" class=\"h-section h-section-global-spacing d-flex align-items-lg-center align-items-md-center align-items-center style-926 style-local-1983-c2 position-relative\">\n    <!---->\n    <!---->\n    <div class=\"h-section-grid-container h-section-boxed-container\">\n      <!---->\n      <div data-colibri-id=\"1983-c5\" class=\"h-row-container gutters-row-lg-2 gutters-row-md-2 gutters-row-0 gutters-row-v-lg-2 gutters-row-v-md-2 gutters-row-v-2 style-927 style-local-1983-c5 position-relative\">\n        <!---->\n        <div class=\"h-row justify-content-lg-center justify-content-md-center justify-content-center align-items-lg-stretch align-items-md-stretch align-items-stretch gutters-col-lg-2 gutters-col-md-2 gutters-col-0 gutters-col-v-lg-2 gutters-col-v-md-2 gutters-col-v-2\">\n          <!---->\n          <div class=\"h-column h-column-container d-flex h-col-lg-auto h-col-md-auto h-col-auto style-928-outer style-local-1983-c6-outer\">\n            <div data-colibri-id=\"1983-c6\" class=\"d-flex h-flex-basis h-column__inner h-px-lg-2 h-px-md-2 h-px-2 v-inner-lg-2 v-inner-md-2 v-inner-2 style-928 style-local-1983-c6 position-relative\">\n              <!---->\n              <!---->\n              <div class=\"w-100 h-y-container h-column__content h-column__v-align flex-basis-100 align-self-lg-start align-self-md-start align-self-start\">\n                <!---->\n                <div data-colibri-id=\"1983-c7\" class=\"style-929 style-local-1983-c7 position-relative h-element\">\n                  <!---->\n                  <div>\n                    \n                    <p>Il progetto RECMOP affronta il problema dell&#8217;inefficienza energetica degli edifici e della povert\u00e0 energetica, promuovendo lo sviluppo delle Comunit\u00e0 Energetiche Rinnovabili (CER). Queste comunit\u00e0, costituite da cittadini, PMI e autorit\u00e0\n                      locali, consentono la produzione, il consumo e la condivisione di energia rinnovabile a livello locale, offrendo benefici ambientali, economici e sociali.<\/p>\n                    \n\n                    \n                    <p>Nonostante il supporto normativo europeo e italiano, le CER faticano a diffondersi a causa di ostacoli come la scarsa informazione dei cittadini, la predominanza di aspetti tecnologici ed economici nelle configurazioni spaziali, e\n                      la mancanza di integrazione con la pianificazione urbanistica.<\/p>\n                    \n\n                    \n                    <p>RECMOP mira a superare queste barriere attraverso la creazione di una rete di monitoraggio delle CER, che permetta di ottimizzare le loro configurazioni spazio-temporali e migliorare la pianificazione urbana. Il progetto utilizza un\n                      approccio basato su tre fasi:<\/p>\n                    \n\n                    \n                    <ol start=\"1\" class=\"wp-block-list\">\n                      \n                      <li><strong>Monitoraggio<\/strong> delle CER esistenti per valutarne gli impatti sociali, economici e ambientali.<\/li>\n                      \n\n                      \n                      <li><strong>Ottimizzazione<\/strong> delle configurazioni, tenendo conto di vincoli urbanistici e territoriali.<\/li>\n                      \n\n                      \n                      <li><strong>Pianificazione<\/strong> urbana basata su dati trasparenti e accessibili, per favorire la partecipazione dei cittadini e il coinvolgimento degli enti locali.<\/li>\n                      \n                    <\/ol>\n                    \n\n                    \n                    <p>Il progetto \u00e8 finanziato da \u201cPE2-NEST &#8211; Network 4 Energy Sustainable Transition \u201d, Spoke 8, CUP B53C22004070006 nell\u2019ambito del Piano Nazionale di Ripresa e Resilienza, Missione 4 \u201cIstruzione e ricerca\u201d \u2013 Componente 2 \u201cDalla ricerca\n                      all\u2019impresa\u201d \u2013 Investimento 1.3, finanziato dall\u2019Unione europea \u2013 NextGenerationEU.<\/p>\n                    \n\n                    \n                    <p>Partner del progetto:<\/p>\n                    \n\n                    \n                    <ul class=\"wp-block-list\">\n                      \n                      <li>UNISA &#8211; capofila con il Dipartimento di Ingegneria Civile ed il Dipartimento di Informatica<\/li>\n                      \n                    <\/ul>\n                    \n\n                    \n                    <ul class=\"wp-block-list\">\n                      \n                      <li>LATITUDO 40<\/li>\n                      \n                    <\/ul>\n                    \n\n                    \n                    <ul class=\"wp-block-list\">\n                      \n                      <li>NEXSOFT <\/li>\n                      \n                    <\/ul>\n                    \n                  <\/div>\n                <\/div>\n              <\/div>\n            <\/div>\n          <\/div>\n          <div class=\"h-column h-column-container d-flex h-col-lg-auto h-col-md-auto h-col-auto style-996-outer style-local-1983-c8-outer\">\n            <div data-colibri-id=\"1983-c8\" class=\"d-flex h-flex-basis h-column__inner h-px-lg-2 h-px-md-2 h-px-2 v-inner-lg-2 v-inner-md-2 v-inner-2 style-996 style-local-1983-c8 position-relative\">\n              <!---->\n              <!---->\n              <div class=\"w-100 h-y-container h-column__content h-column__v-align flex-basis-100 align-self-lg-start align-self-md-start align-self-start\">\n                <!---->\n                <div data-colibri-id=\"1983-c9\" class=\"h-x-container style-997 style-local-1983-c9 position-relative h-element\">\n                  <!---->\n                  <div class=\"h-x-container-inner style-dynamic-1983-c9-group style-997-spacing style-local-1983-c9-spacing\"><span class=\"h-link__outer style-998-outer style-local-1983-c10-outer d-inline-flex h-element\"><a h-use-smooth-scroll=\"true\" href=\"http:\/\/193.205.185.58\/recmop\/\"  data-colibri-id=\"1983-c10\" class=\"d-flex w-100 align-items-center h-link style-998 style-local-1983-c10 position-relative\"><!----><!----> <span>RECMOP platform<\/span><\/a>\n                    <\/span>\n                  <\/div>\n                <\/div>\n                <div data-colibri-id=\"1983-c11\" class=\"d-block style-1002 style-local-1983-c11 position-relative h-element\">\n                  <!---->\n                  <div class=\"h-image__frame-container-outer\">\n                    <div class=\"h-image__frame-container\">\n                      <!---->\n                      <!---->\n                      <img loading=\"lazy\" decoding=\"async\" width=\"2048\" height=\"2048\" src=\"http:\/\/labgis.di.unisa.it\/wp-content\/uploads\/2025\/02\/cropped-recmop_image-1.jpeg\" class=\"wp-image-2323 style-1002-image style-local-1983-c11-image\" alt=\"\" srcset=\"https:\/\/labgis.di.unisa.it\/wp-content\/uploads\/2025\/02\/cropped-recmop_image-1.jpeg 2048w, https:\/\/labgis.di.unisa.it\/wp-content\/uploads\/2025\/02\/cropped-recmop_image-1-300x300.jpeg 300w, https:\/\/labgis.di.unisa.it\/wp-content\/uploads\/2025\/02\/cropped-recmop_image-1-1024x1024.jpeg 1024w, https:\/\/labgis.di.unisa.it\/wp-content\/uploads\/2025\/02\/cropped-recmop_image-1-150x150.jpeg 150w, https:\/\/labgis.di.unisa.it\/wp-content\/uploads\/2025\/02\/cropped-recmop_image-1-768x768.jpeg 768w, https:\/\/labgis.di.unisa.it\/wp-content\/uploads\/2025\/02\/cropped-recmop_image-1-1536x1536.jpeg 1536w\" sizes=\"auto, (max-width: 2048px) 100vw, 2048px\" \/>\n                      <div class=\"h-image__frame h-hide-lg h-hide-md h-hide-sm style-1002-frameImage style-local-1983-c11-frameImage\"><\/div>\n                    <\/div>\n                  <\/div>\n                <\/div>\n              <\/div>\n            <\/div>\n          <\/div>\n        <\/div>\n      <\/div>\n    <\/div>\n  <\/div>\n  <div data-colibri-component=\"section\" data-colibri-id=\"1983-c12\" id=\"custom-2\" class=\"h-section h-section-global-spacing d-flex align-items-lg-center align-items-md-center align-items-center style-957 style-local-1983-c12 position-relative\">\n    <!---->\n    <!---->\n    <div class=\"h-section-grid-container h-section-boxed-container\">\n      <!---->\n      <div data-colibri-id=\"1983-c13\" class=\"h-row-container gutters-row-lg-2 gutters-row-md-2 gutters-row-0 gutters-row-v-lg-2 gutters-row-v-md-2 gutters-row-v-2 style-958 style-local-1983-c13 position-relative\">\n        <!---->\n        <div class=\"h-row justify-content-lg-center justify-content-md-center justify-content-center align-items-lg-stretch align-items-md-stretch align-items-stretch gutters-col-lg-2 gutters-col-md-2 gutters-col-0 gutters-col-v-lg-2 gutters-col-v-md-2 gutters-col-v-2\">\n          <!---->\n          <div class=\"h-column h-column-container d-flex h-col-lg-auto h-col-md-auto h-col-auto style-959-outer style-local-1983-c14-outer\">\n            <div data-colibri-id=\"1983-c14\" class=\"d-flex h-flex-basis h-column__inner h-px-lg-2 h-px-md-2 h-px-2 v-inner-lg-2 v-inner-md-2 v-inner-2 style-959 style-local-1983-c14 position-relative\">\n              <!---->\n              <!---->\n              <div class=\"w-100 h-y-container h-column__content h-column__v-align flex-basis-100 align-self-lg-start align-self-md-start align-self-start\">\n                <!---->\n                <div data-colibri-id=\"1983-c15\" class=\"d-block style-961 style-local-1983-c15 position-relative h-element\">\n                  <!---->\n                  <div class=\"h-image__frame-container-outer\">\n                    <div class=\"h-image__frame-container\">\n                      <!---->\n                      <!---->\n                      <img loading=\"lazy\" decoding=\"async\" width=\"1198\" height=\"1200\" src=\"http:\/\/labgis.di.unisa.it\/wp-content\/uploads\/2025\/10\/cropped-cropped-WhatsApp-Image-2025-10-23-at-18.08.06-5.jpeg\" class=\"wp-image-2216 style-961-image style-local-1983-c15-image\" alt=\"\" srcset=\"https:\/\/labgis.di.unisa.it\/wp-content\/uploads\/2025\/10\/cropped-cropped-WhatsApp-Image-2025-10-23-at-18.08.06-5.jpeg 1198w, https:\/\/labgis.di.unisa.it\/wp-content\/uploads\/2025\/10\/cropped-cropped-WhatsApp-Image-2025-10-23-at-18.08.06-5-300x300.jpeg 300w, https:\/\/labgis.di.unisa.it\/wp-content\/uploads\/2025\/10\/cropped-cropped-WhatsApp-Image-2025-10-23-at-18.08.06-5-1022x1024.jpeg 1022w, https:\/\/labgis.di.unisa.it\/wp-content\/uploads\/2025\/10\/cropped-cropped-WhatsApp-Image-2025-10-23-at-18.08.06-5-150x150.jpeg 150w, https:\/\/labgis.di.unisa.it\/wp-content\/uploads\/2025\/10\/cropped-cropped-WhatsApp-Image-2025-10-23-at-18.08.06-5-768x769.jpeg 768w\" sizes=\"auto, (max-width: 1198px) 100vw, 1198px\" \/>\n                      <div class=\"h-image__frame h-hide-lg h-hide-md h-hide-sm style-961-frameImage style-local-1983-c15-frameImage\"><\/div>\n                    <\/div>\n                  <\/div>\n                <\/div>\n              <\/div>\n            <\/div>\n          <\/div>\n          <div class=\"h-column h-column-container d-flex h-col-lg-auto h-col-md-auto h-col-auto style-960-outer style-local-1983-c16-outer\">\n            <div data-colibri-id=\"1983-c16\" class=\"d-flex h-flex-basis h-column__inner h-px-lg-2 h-px-md-2 h-px-2 v-inner-lg-2 v-inner-md-2 v-inner-2 style-960 style-local-1983-c16 position-relative\">\n              <!---->\n              <!---->\n              <div class=\"w-100 h-y-container h-column__content h-column__v-align flex-basis-100 align-self-lg-start align-self-md-start align-self-start\">\n                <!---->\n                <div data-colibri-id=\"1983-c17\" class=\"h-text h-text-component style-962 style-local-1983-c17 position-relative h-element\">\n                  <!---->\n                  <!---->\n                  <div class=\"\">\n                    <p><span style=\"font-weight: 400; font-size: 16px; font-family: &quot;Open Sans&quot;; color: rgb(102, 102, 102);\">Il 23 ottobre 2025, lo studente Aniello Cirillo si \u00e8 laureato discutendo una tesi dal titolo &#8220;RENEWABLE ENERGY COMMUNITIES: MONITORING, OPTIMIZATION AND PLANNING \u2013 UN MODELLO DI ANALISI PER LA CONFIGURAZIONE OTTIMALE DELLE CER&#8221;. Gli ottimi risultati ottenuti da Aniello sono la prova di come il coinvolgimento degli studenti su progetti finanziati ad UNISA \/ DI sia un&#8217;ulteriore occasione sia di crescita per le loro competenze che di interazione multisciplinare e interdisciplinare.<\/span><\/p>\n                  <\/div>\n                <\/div>\n              <\/div>\n            <\/div>\n          <\/div>\n        <\/div>\n      <\/div>\n    <\/div>\n  <\/div>\n  <div data-colibri-component=\"section\" data-colibri-id=\"1983-c18\" id=\"custom\" class=\"h-section h-section-global-spacing d-flex align-items-lg-center align-items-md-center align-items-center style-930 style-local-1983-c18 position-relative\">\n    <!---->\n    <!---->\n    <div class=\"h-section-grid-container h-section-boxed-container\">\n      <!---->\n      <div data-colibri-id=\"1983-c19\" class=\"h-row-container gutters-row-lg-2 gutters-row-md-2 gutters-row-0 gutters-row-v-lg-2 gutters-row-v-md-2 gutters-row-v-2 style-931 style-local-1983-c19 position-relative\">\n        <!---->\n        <div class=\"h-row justify-content-lg-center justify-content-md-center justify-content-center align-items-lg-stretch align-items-md-stretch align-items-stretch gutters-col-lg-2 gutters-col-md-2 gutters-col-0 gutters-col-v-lg-2 gutters-col-v-md-2 gutters-col-v-2\">\n          <!---->\n          <div class=\"h-column h-column-container d-flex h-col-lg-auto h-col-md-auto h-col-auto style-932-outer style-local-1983-c20-outer\">\n            <div data-colibri-id=\"1983-c20\" class=\"d-flex h-flex-basis h-column__inner h-px-lg-2 h-px-md-2 h-px-2 v-inner-lg-2 v-inner-md-2 v-inner-2 style-932 style-local-1983-c20 position-relative\">\n              <!---->\n              <!---->\n              <div class=\"w-100 h-y-container h-column__content h-column__v-align flex-basis-100 align-self-lg-start align-self-md-start align-self-start\">\n                <!---->\n                <div data-colibri-id=\"1983-c21\" class=\"d-block style-936 style-local-1983-c21 position-relative h-element\">\n                  <!---->\n                  <div class=\"h-image__frame-container-outer\">\n                    <div class=\"h-image__frame-container\">\n                      <!---->\n                      <!---->\n                      <img loading=\"lazy\" decoding=\"async\" width=\"1918\" height=\"1823\" src=\"http:\/\/labgis.di.unisa.it\/wp-content\/uploads\/2025\/10\/cropped-DSCN0805-scaled-1.jpg\" class=\"wp-image-2160 style-936-image style-local-1983-c21-image\" alt=\"\" srcset=\"https:\/\/labgis.di.unisa.it\/wp-content\/uploads\/2025\/10\/cropped-DSCN0805-scaled-1.jpg 1918w, https:\/\/labgis.di.unisa.it\/wp-content\/uploads\/2025\/10\/cropped-DSCN0805-scaled-1-300x285.jpg 300w, https:\/\/labgis.di.unisa.it\/wp-content\/uploads\/2025\/10\/cropped-DSCN0805-scaled-1-1024x973.jpg 1024w, https:\/\/labgis.di.unisa.it\/wp-content\/uploads\/2025\/10\/cropped-DSCN0805-scaled-1-768x730.jpg 768w, https:\/\/labgis.di.unisa.it\/wp-content\/uploads\/2025\/10\/cropped-DSCN0805-scaled-1-1536x1460.jpg 1536w\" sizes=\"auto, (max-width: 1918px) 100vw, 1918px\" \/>\n                      <div class=\"h-image__frame h-hide-lg h-hide-md h-hide-sm style-936-frameImage style-local-1983-c21-frameImage\"><\/div>\n                    <\/div>\n                  <\/div>\n                <\/div>\n              <\/div>\n            <\/div>\n          <\/div>\n          <div class=\"h-column h-column-container d-flex h-col-lg-auto h-col-md-auto h-col-auto style-933-outer style-local-1983-c22-outer\">\n            <div data-colibri-id=\"1983-c22\" class=\"d-flex h-flex-basis h-column__inner h-px-lg-2 h-px-md-2 h-px-2 v-inner-lg-2 v-inner-md-2 v-inner-2 style-933 style-local-1983-c22 position-relative\">\n              <!---->\n              <!---->\n              <div class=\"w-100 h-y-container h-column__content h-column__v-align flex-basis-100 align-self-lg-start align-self-md-start align-self-start\">\n                <!---->\n                <div data-colibri-id=\"1983-c23\" class=\"h-text h-text-component style-934 style-local-1983-c23 position-relative h-element\">\n                  <!---->\n                  <!---->\n                  <div class=\"\">\n                    <p>Il 26 settembre 2025, lo studente Salvatore Di Martino si \u00e8 laureato con lode e menzione speciale per gli ottimi risultati raggiunti e per la brillante carriere accademica. Salvatore ha discusso una tesi dal titolo &#8220;RENEWABLE ENERGY\n                      COMMUNITIES: MONITORING, OPTIMIZATION AND PLANNING \u2013 LA FILIERA DEL DATO&#8221;. Il prof. Michele Grimaldi del DICIV (secondo relatore) ed io (prof.ssa Monica Sebillo) siamo molto soddisfatti del lavoro svolto da Salvatore e riteniamo\n                      che questo coinvolgimento degli studenti su progetti finanziati ad UNISA \/ DI sia un&#8217;ottima occasione per orientarli ulteriormente nel mondo del lavoro.<\/p>\n                  <\/div>\n                <\/div>\n              <\/div>\n            <\/div>\n          <\/div>\n        <\/div>\n      <\/div>\n    <\/div>\n  <\/div>\n<\/div>","protected":false},"excerpt":{"rendered":"<p>Il progetto RECMOP affronta il problema dell&#8217;inefficienza energetica degli edifici e della povert\u00e0 energetica, promuovendo lo sviluppo delle Comunit\u00e0 Energetiche Rinnovabili (CER). Queste comunit\u00e0, costituite da cittadini, PMI e autorit\u00e0 locali, consentono la produzione, il consumo e la condivisione di energia rinnovabile a livello locale, offrendo benefici ambientali, economici e sociali. Nonostante il supporto normativo [&hellip;]<\/p>\n","protected":false},"author":2,"featured_media":0,"parent":0,"menu_order":0,"comment_status":"closed","ping_status":"closed","template":"page-templates\/full-width-page.php","meta":{"footnotes":""},"class_list":["post-1983","page","type-page","status-publish","hentry"],"_links":{"self":[{"href":"https:\/\/labgis.di.unisa.it\/index.php?rest_route=\/wp\/v2\/pages\/1983","targetHints":{"allow":["GET"]}}],"collection":[{"href":"https:\/\/labgis.di.unisa.it\/index.php?rest_route=\/wp\/v2\/pages"}],"about":[{"href":"https:\/\/labgis.di.unisa.it\/index.php?rest_route=\/wp\/v2\/types\/page"}],"author":[{"embeddable":true,"href":"https:\/\/labgis.di.unisa.it\/index.php?rest_route=\/wp\/v2\/users\/2"}],"replies":[{"embeddable":true,"href":"https:\/\/labgis.di.unisa.it\/index.php?rest_route=%2Fwp%2Fv2%2Fcomments&post=1983"}],"version-history":[{"count":11,"href":"https:\/\/labgis.di.unisa.it\/index.php?rest_route=\/wp\/v2\/pages\/1983\/revisions"}],"predecessor-version":[{"id":2339,"href":"https:\/\/labgis.di.unisa.it\/index.php?rest_route=\/wp\/v2\/pages\/1983\/revisions\/2339"}],"wp:attachment":[{"href":"https:\/\/labgis.di.unisa.it\/index.php?rest_route=%2Fwp%2Fv2%2Fmedia&parent=1983"}],"curies":[{"name":"wp","href":"https:\/\/api.w.org\/{rel}","templated":true}]}}